{"id":95,"date":"2020-07-16T11:02:03","date_gmt":"2020-07-16T09:02:03","guid":{"rendered":"http:\/\/parafia-boguchwaly.ovh\/?page_id=95"},"modified":"2026-04-17T21:38:25","modified_gmt":"2026-04-17T19:38:25","slug":"ogloszenia-duszpasterskie","status":"publish","type":"page","link":"https:\/\/parafia-boguchwaly.ovh\/index.php\/ogloszenia-duszpasterskie\/","title":{"rendered":"Og\u0142oszenie duszpasterskie"},"content":{"rendered":"\n<div class=\"wp-block-group\"><div class=\"wp-block-group__inner-container is-layout-flow wp-block-group-is-layout-flow\">\n<h3><strong><em>\u00a0 \u00a0 \u00a0\u00a0<\/em><\/strong><\/h3>\n<h2>\u00a0 \u00a0 \u00a0 <strong>Trzecia<\/strong> <strong>Niedziela Wielkanocna &#8211; 19. 04. 2026 r.<\/strong><\/h2>\n<ol>\n<li style=\"text-align: justify;\"><strong>Prze\u017cywamy Trzeci\u0105 Niedziel\u0119 Wielkanocn\u0105.\u00a0<\/strong>Jest to Niedziela Biblijna, rozpoczyna si\u0119 Tydzie\u0144 Biblijny. Msze \u015bw. w tym tygodniu codziennie o 18.00, z wyj\u0105tkiem \u015brody, w \u015brod\u0119 rano o 8.00. W sobot\u0119 o 18.00 &#8211; niedzielna, w Rojach o 16.30. W \u015brod\u0119\u00a0 przed Msz\u0105 \u015bw. Nowenna do Matki Bo\u017cej Nieustaj\u0105cej Pomocy. W sobot\u0119 przed Msz\u0105\u00a0 \u015bw. adoracja Naj\u015bwi\u0119tszego Sakramentu.\u00a0 \u00a0<\/li>\n<\/ol>\n<p style=\"text-align: justify;\">2. B\u00f3g zap\u0142a\u0107 za sk\u0142adane ofiary na prace remontowe w parafii i na jej utrzymanie, bardzo prosz\u0119 o dalsze ofiary. Wp\u0142aty mo\u017cna dokona\u0107 na bankowe konto parafialne, numer podany jest na parafialnej stronie internetowej.\u00a0\u00a0<\/p>\n<p style=\"text-align: justify;\">3. B\u00f3g zap\u0142a\u0107 p. Marii Safaryn z Boguchwa\u0142 za przygotowanie ko\u015bcio\u0142a do dzisiejszej liturgii. O przygotowanie \u015bwi\u0105tyni na nast\u0119pn\u0105 niedziel\u0119 zwracam si\u0119 pro\u015bb\u0105 do p. Danuty Sasin z Boguchwa\u0142.<\/p>\n<p style=\"text-align: justify;\">4. Kto nie chce by podawa\u0107 jego nazwisko przy wyznaczaniu do sprz\u0105tania ko\u015bcio\u0142a, prosz\u0119 zg\u0142osi\u0107. Taka decyzja nie oznacza, \u017ce zwalniam Pa\u0144stwa ze sprz\u0105tania, z tego nie zwalniam, nie b\u0119d\u0119 tylko podawa\u0142 nazwiska.<\/p>\n<p>5. W tym tygodniu obchodzimy nast\u0119puj\u0105ce \u015bwi\u0119ta:<\/p>\n<ul>\n<li style=\"list-style-type: none;\">\n<ul>\n<li>w poniedzia\u0142ek\u00a0 \u00a0\u00a0<\/li>\n<li>we wtorek\u00a0 \u00a0 \u00a0<\/li>\n<li>w \u015broda\u00a0 \u00a0 \u00a0 \u00a0 \u00a0 \u00a0<\/li>\n<li>w czwartek &#8211; Uroczysto\u015b\u0107 \u015bw. Wojciecha, biskupa i m\u0119czennika, patrona Polski i Archidiecezji Warmi\u0144skiej,\u00a0 \u00a0 \u00a0<\/li>\n<li>w pi\u0105tek\u00a0<\/li>\n<li>w sobot\u0119 &#8211; \u015bwi\u0119to \u015bw. Marka Ewangelisty.\u00a0 \u00a0\u00a0<\/li>\n<\/ul>\n<\/li>\n<\/ul>\n<p style=\"text-align: justify;\">6. Na stoliku w ko\u015bciele pod ch\u00f3rem wy\u0142o\u017cony jest nowy nr czasopisma kat. <strong><em>Go\u015b\u0107 Niedzielny<\/em>,<\/strong> cena 10 z\u0142.\u00a0 \u00a0 \u00a0 \u00a0 \u00a0 \u00a0 \u00a0 \u00a0 \u00a0<\/p>\n<p style=\"text-align: justify;\">7. Wszystkim solenizantom z tego tygodnia, tym kt\u00f3rzy b\u0119d\u0105 obchodzi\u0107 rocznice urodzin oraz wszystkim go\u015bciom i parafianom \u017cycz\u0119 Bo\u017cego b\u0142ogos\u0142awie\u0144stwa i opieki Matki Naj\u015bwi\u0119tszej.\u00a0 \u00a0\u00a0<\/p>\n<p>8. Dzieci zapraszam po Mszy \u015bw. do zakrystii po ziarna. <strong style=\"font-size: 1.4em;\"><em>\u00a0\u00a0<\/em><\/strong><strong style=\"font-size: 1.4em;\"><em>\u00a0 \u00a0 \u00a0 \u00a0 \u00a0<\/em><\/strong><\/p>\n<p>9. W tym tygodniu w \u015brod\u0119 kancelaria parafialna nieczynna.\u00a0\u00a0<\/p>\n<p>10. W dzisiejsz\u0105 niedziel\u0119 nie b\u0119dzie Mszy \u015bw. w Gl\u0119dach.<\/p>\n<p>11. Pr\u00f3ba dla dzieci pierwszokomunijnych w tym tygodniu w \u015brod\u0119 o 18.00.<\/p>\n<p>12. Ci kt\u00f3rzy nie za\u0142atwili wszystkich formalno\u015bci zwi\u0105zanych z bierzmowaniem w Gietrzwa\u0142dzie\u00a0 w czwartek, prosz\u0119 si\u0119 do mnie zg\u0142osi\u0107.<\/p>\n<p><strong style=\"font-size: 1.4em; text-align: center;\">\u00a0 \u00a0 \u00a0 \u00a0 \u00a0 \u00a0 \u00a0 \u00a0<\/strong><\/p>\n<p><strong style=\"font-size: 1.4em; text-align: center;\">\u00a0 \u00a0 \u00a0 \u00a0 \u00a0 \u00a0 \u00a0 \u00a0 \u00a0Druga Niedziela Wielkanocna &#8211; 12.04.2026 r.\u00a0<\/strong><\/p>\n<ol>\n<li style=\"text-align: justify;\">\n<p><strong>Prze\u017cywamy Drug\u0105 Niedziel\u0119 Wielkanocn\u0105.<\/strong> Jest to Niedziela Mi\u0142osierdzia Bo\u017cego. Msze \u015bw. w tym tygodni codziennie o 18.00, z wyj\u0105tkiem \u015brody i czwartku. W \u015brod\u0119 o 15.00 Koronka do Mi\u0142osierdzia Bo\u017cego, Nowenna do Matki Bo\u017cej Nieustaj\u0105cej Pomocy i Msza \u015bw., w czwartek rano o 8.00, w sobot\u0119 o 18.00 niedzielna, w Rojach o 16.30.\u00a0 B\u00f3g zap\u0142a\u0107 za sk\u0142adane ofiary na prace remontowe w parafii i na jej utrzymanie, bardzo prosz\u0119 o dalsze ofiary. Wp\u0142aty mo\u017cna dokona\u0107 na bankowe konto parafialne, numer podany jest na parafialnej stronie internetowej.\u00a0\u00a0<\/p>\n<\/li>\n<\/ol>\n<p style=\"text-align: justify;\">3. B\u00f3g zap\u0142a\u0107 p. Marzenie i Grzegorzowi Kowalskim z Boguchwa\u0142 za przygotowanie ko\u015bcio\u0142a do dzisiejszej liturgii.\u00a0 O przygotowanie \u015bwi\u0105tyni na nast\u0119pn\u0105 niedziel\u0119 zwracam si\u0119 z pro\u015bb\u0105 do p. Marii Safaryn z Boguchwa\u0142.\u00a0 \u00a0<\/p>\n<p>4.\u00a0 W tym tygodniu obchodzimy nast\u0119puj\u0105ce \u015bwi\u0119ta:\u00a0<\/p>\n<ul>\n<li>poniedzia\u0142ek\u00a0 \u00a0 \u00a0 \u00a0<\/li>\n<li>w wtorek\u00a0 \u00a0 \u00a0 \u00a0\u00a0<\/li>\n<li>\u015broda\u00a0 \u00a0 \u00a0 \u00a0 \u00a0 \u00a0 \u00a0\u00a0<\/li>\n<li>czwartek\u00a0 \u00a0 \u00a0\u00a0<\/li>\n<li>pi\u0105tek\u00a0 \u00a0\u00a0<\/li>\n<li>sobota.\u00a0 \u00a0 \u00a0 \u00a0 \u00a0 \u00a0 \u00a0 \u00a0 \u00a0 \u00a0 \u00a0 \u00a0 \u00a0 \u00a0<\/li>\n<\/ul>\n<p>5. Na stoliku w ko\u015bciele pod ch\u00f3rem wy\u0142o\u017cony jest nowy nr czasopisma kat. <strong><em>Go\u015b\u0107 Niedzielny<\/em><\/strong>, cena 10 z\u0142. \u00a0<\/p>\n<p>6. Wszystkim solenizantom z tego tygodnia, tym kt\u00f3rzy b\u0119d\u0105 obchodzi\u0107 rocznice urodzin oraz wszystkim go\u015bciom i parafianom \u017cycz\u0119 Bo\u017cego b\u0142ogos\u0142awie\u0144stwa i opieki Matki Naj\u015bwi\u0119tszej. O chorych pami\u0119tam w modlitwie.\u00a0<\/p>\n<p>7. Dzieci zapraszam po Mszy \u015bw. do zakrystii po Ziarna.\u00a0\u00a0<\/p>\n<p>9. W tym tygodniu w \u015brod\u0119 kancelaria parafialna nieczynna.<\/p>\n<p>10. Za tydzie\u0144 Niedziela\u00a0 Biblijna, rozpocznie si\u0119 Tydzie\u0144 Biblijny.<\/p>\n<p>11. W poniedzia\u0142ek w przysz\u0142ym tygodniu, tj. 20 bm. o 16.00 pr\u00f3ba dla dzieci pierwszokomunijnych.<\/p>\n<p>12. W \u015brod\u0119 o 18.00 Msza \u015bw. w Gietrzwa\u0142dzie i spowied\u017a przed sakramentem bierzmowania, w czwartek o 16.00 w Gietrzwa\u0142dzie bierzmowanie.<\/p>\n<p>13. Taca z dzisiejszej niedzieli przeznaczona jest na potrzeby Caritas Archidiecezji Warmi\u0144skiej w Olsztynie.<\/p>\n\n\n\n\n\n<p><\/p>\n\n\n<\/div><\/div>\n\n\n\n<p><\/p>\n","protected":false},"excerpt":{"rendered":"<p>\u00a0 \u00a0 \u00a0\u00a0 \u00a0 \u00a0 \u00a0 Trzecia Niedziela Wielkanocna &#8211; 19. 04. 2026 r. Prze\u017cywamy Trzeci\u0105 Niedziel\u0119 Wielkanocn\u0105.\u00a0Jest to Niedziela Biblijna, rozpoczyna si\u0119 Tydzie\u0144 Biblijny. Msze \u015bw. w tym tygodniu codziennie o 18.00, z wyj\u0105tkiem \u015brody, w \u015brod\u0119 rano o &hellip; <a href=\"https:\/\/parafia-boguchwaly.ovh\/index.php\/ogloszenia-duszpasterskie\/\">Czytaj dalej <span class=\"meta-nav\">&rarr;<\/span><\/a><\/p>\n","protected":false},"author":1,"featured_media":0,"parent":0,"menu_order":0,"comment_status":"closed","ping_status":"closed","template":"","meta":{"footnotes":""},"class_list":["post-95","page","type-page","status-publish","hentry"],"_links":{"self":[{"href":"https:\/\/parafia-boguchwaly.ovh\/index.php\/wp-json\/wp\/v2\/pages\/95","targetHints":{"allow":["GET"]}}],"collection":[{"href":"https:\/\/parafia-boguchwaly.ovh\/index.php\/wp-json\/wp\/v2\/pages"}],"about":[{"href":"https:\/\/parafia-boguchwaly.ovh\/index.php\/wp-json\/wp\/v2\/types\/page"}],"author":[{"embeddable":true,"href":"https:\/\/parafia-boguchwaly.ovh\/index.php\/wp-json\/wp\/v2\/users\/1"}],"replies":[{"embeddable":true,"href":"https:\/\/parafia-boguchwaly.ovh\/index.php\/wp-json\/wp\/v2\/comments?post=95"}],"version-history":[{"count":2199,"href":"https:\/\/parafia-boguchwaly.ovh\/index.php\/wp-json\/wp\/v2\/pages\/95\/revisions"}],"predecessor-version":[{"id":5591,"href":"https:\/\/parafia-boguchwaly.ovh\/index.php\/wp-json\/wp\/v2\/pages\/95\/revisions\/5591"}],"wp:attachment":[{"href":"https:\/\/parafia-boguchwaly.ovh\/index.php\/wp-json\/wp\/v2\/media?parent=95"}],"curies":[{"name":"wp","href":"https:\/\/api.w.org\/{rel}","templated":true}]}}