{"id":47,"date":"2020-07-16T09:24:50","date_gmt":"2020-07-16T07:24:50","guid":{"rendered":"http:\/\/parafia-boguchwaly.ovh\/?page_id=47"},"modified":"2026-01-06T22:07:30","modified_gmt":"2026-01-06T20:07:30","slug":"kontakt","status":"publish","type":"page","link":"https:\/\/parafia-boguchwaly.ovh\/index.php\/kontakt\/","title":{"rendered":"Kontakt"},"content":{"rendered":"\n<p>Rzymskokatolicka Parafia \u015bw. Barbary w Boguchwa\u0142ach,<\/p>\n<p>14-310 Mi\u0142akowo,<\/p>\n<p>Boguchwa\u0142y 40, tel. 89 758 00 23,<\/p>\n<p>proboszcz ks. pra\u0142. dr Zenon Og\u00f3rek, tel. 602 767 971,<\/p>\n<p>e-mail: ogorek000@poczta.onet.pl\u00a0<\/p>\n<p>NIP 741 209 75 67, REGON: 040117679.<\/p>\n<p>Bankowe konto parafialne: Rzymskokatolicka Parafia \u015bw. Barbary w Boguchwa\u0142ach, 14-310 Mi\u0142akowo, Boguchwa\u0142y 40, Warmi\u0144ski Bank Sp\u00f3\u0142dzielczy o\/Mi\u0142akowo: 83 8857 1038 3001 0000 2192 0001.<\/p>\n<p>Kancelaria czynna: w \u015brod\u0119: 15.00 &#8211; 16.15\u00a0 i w sobot\u0119: 8.30 &#8211; 9.30. W styczniu w czasie kol\u0119dy nieczynna.\u00a0<\/p>\n<p>Mo\u017cliwo\u015b\u0107 skorzystania z sakramentu pokuty codziennie p\u00f3\u0142 godziny przed Msz\u0105 \u015awi\u0119t\u0105.<\/p>\n\n\n\n<p><\/p>\n","protected":false},"excerpt":{"rendered":"<p>Rzymskokatolicka Parafia \u015bw. Barbary w Boguchwa\u0142ach, 14-310 Mi\u0142akowo, Boguchwa\u0142y 40, tel. 89 758 00 23, proboszcz ks. pra\u0142. dr Zenon Og\u00f3rek, tel. 602 767 971, e-mail: ogorek000@poczta.onet.pl\u00a0 NIP 741 209 75 67, REGON: 040117679. Bankowe konto parafialne: Rzymskokatolicka Parafia \u015bw. &hellip; <a href=\"https:\/\/parafia-boguchwaly.ovh\/index.php\/kontakt\/\">Czytaj dalej <span class=\"meta-nav\">&rarr;<\/span><\/a><\/p>\n","protected":false},"author":1,"featured_media":0,"parent":0,"menu_order":0,"comment_status":"closed","ping_status":"closed","template":"","meta":{"footnotes":""},"class_list":["post-47","page","type-page","status-publish","hentry"],"_links":{"self":[{"href":"https:\/\/parafia-boguchwaly.ovh\/index.php\/wp-json\/wp\/v2\/pages\/47","targetHints":{"allow":["GET"]}}],"collection":[{"href":"https:\/\/parafia-boguchwaly.ovh\/index.php\/wp-json\/wp\/v2\/pages"}],"about":[{"href":"https:\/\/parafia-boguchwaly.ovh\/index.php\/wp-json\/wp\/v2\/types\/page"}],"author":[{"embeddable":true,"href":"https:\/\/parafia-boguchwaly.ovh\/index.php\/wp-json\/wp\/v2\/users\/1"}],"replies":[{"embeddable":true,"href":"https:\/\/parafia-boguchwaly.ovh\/index.php\/wp-json\/wp\/v2\/comments?post=47"}],"version-history":[{"count":21,"href":"https:\/\/parafia-boguchwaly.ovh\/index.php\/wp-json\/wp\/v2\/pages\/47\/revisions"}],"predecessor-version":[{"id":5367,"href":"https:\/\/parafia-boguchwaly.ovh\/index.php\/wp-json\/wp\/v2\/pages\/47\/revisions\/5367"}],"wp:attachment":[{"href":"https:\/\/parafia-boguchwaly.ovh\/index.php\/wp-json\/wp\/v2\/media?parent=47"}],"curies":[{"name":"wp","href":"https:\/\/api.w.org\/{rel}","templated":true}]}}